{"id":10,"date":"2024-08-11T20:40:32","date_gmt":"2024-08-11T18:40:32","guid":{"rendered":"https:\/\/turlurette.org\/?page_id=10"},"modified":"2024-08-13T18:45:05","modified_gmt":"2024-08-13T16:45:05","slug":"statuts-de-lassociation","status":"publish","type":"page","link":"https:\/\/turlurette.org\/index.php\/statuts-de-lassociation\/","title":{"rendered":"Statuts"},"content":{"rendered":"\n<p><strong>Article 1 &#8211; Nom<\/strong><br>Il est fond\u00e9 entre les adh\u00e9rents aux pr\u00e9sents statuts une association r\u00e9gie par la loi du 1er juillet 1901 et le d\u00e9cret du 16 ao\u00fbt 1901, ayant pour titre : Les amateurs de la Turlurette ce petit ruisseau qui se jette dans un affluent de la Loire merci de ne pas confondre.<\/p>\n\n\n\n<p><strong>Article 2 \u2013 Objet<\/strong><br>Cette association a pour objet la promotion du bricolage cin\u00e9matographique , de la reproduction historique approximative et de la r\u00e9alisation\/distribution de produits vaguement d\u00e9riv\u00e9s.<\/p>\n\n\n\n<p><strong>Article 3 \u2013 Si\u00e8ge social<\/strong><br>Le si\u00e8ge social est fix\u00e9 au 1 rue des Affilards 45600 Saint-Florent-le-Jeune.<\/p>\n\n\n\n<p><strong>Article 4 &#8211; Dur\u00e9e<\/strong><br>La dur\u00e9e de l\u2019association n\u2019est pas limit\u00e9e.<\/p>\n\n\n\n<p><strong>Article 5 &#8211; Composition<\/strong><br>L&rsquo;association se compose de membres de toutes tailles.<br>Les membres peuvent s\u2019attribuer le titre de leur choix, \u00e0 la limitation suivante : seuls les membres ayant vu la Turlurette b\u00e9n\u00e9ficient du droit d\u2019ajouter un qualificatif m\u00e9lioratif \u00e0 leur titre.<\/p>\n\n\n\n<p><strong>Article 6 &#8211; Admission<\/strong><br>Peuvent adh\u00e9rer les personnes physiques parrain\u00e9es par 2 membres plus ou moins actifs.<\/p>\n\n\n\n<p><strong>Article 7 &#8211; Adh\u00e9sion<\/strong><br>Sont membres actifs ceux qui ont pris l&rsquo;engagement de participer aux activit\u00e9s de l\u2019association dans la mesure de leur moyens et de leurs envies.<\/p>\n\n\n\n<p><strong>Article 8 &#8211; Radiations<\/strong><br>La qualit\u00e9 de membre se perd par :<br>&#8211; La d\u00e9mission ;<br>&#8211; Le d\u00e9c\u00e8s ;<br>&#8211; L\u2019absence de participation non justifi\u00e9e \u00e0 666 \u00e9v\u00e8nements cons\u00e9cutifs de l\u2019association.<\/p>\n\n\n\n<p><strong>Article 9 &#8211; Ressources<\/strong><br>Toutes les ressources autoris\u00e9es par les lois et r\u00e8glements en vigueur<\/p>\n\n\n\n<p><strong>Article 10 \u2013 Assembl\u00e9e G\u00e9n\u00e9rale<\/strong><br>L&rsquo;assembl\u00e9e g\u00e9n\u00e9rale ordinaire comprend tous les membres de l&rsquo;association.<br>Elle se r\u00e9unit chaque ann\u00e9e le 1er avril au couch\u00e9 du soleil \u00e0 distance sur le canal de l\u2019association.<br>Les d\u00e9cisions sont prises par consensus mou.<\/p>\n\n\n\n<div style=\"height:100px\" aria-hidden=\"true\" class=\"wp-block-spacer\"><\/div>\n\n\n\n<div data-wp-interactive=\"core\/file\" class=\"wp-block-file\"><object data-wp-bind--hidden=\"!state.hasPdfPreview\" hidden class=\"wp-block-file__embed\" data=\"https:\/\/turlurette.org\/wp-content\/uploads\/2024\/08\/Statuts.pdf\" type=\"application\/pdf\" style=\"width:100%;height:600px\" aria-label=\"Contenu embarqu\u00e9 Statuts.\"><\/object><a id=\"wp-block-file--media-ec7a0eaf-53d1-4672-b8d9-2b4b3d052e6a\" href=\"https:\/\/turlurette.org\/wp-content\/uploads\/2024\/08\/Statuts.pdf\">Statuts<\/a><a href=\"https:\/\/turlurette.org\/wp-content\/uploads\/2024\/08\/Statuts.pdf\" class=\"wp-block-file__button wp-element-button\" download aria-describedby=\"wp-block-file--media-ec7a0eaf-53d1-4672-b8d9-2b4b3d052e6a\">T\u00e9l\u00e9charger<\/a><\/div>\n","protected":false},"excerpt":{"rendered":"<p>Article 1 &#8211; NomIl est fond\u00e9 entre les adh\u00e9rents aux pr\u00e9sents statuts une association r\u00e9gie par la loi du 1er juillet 1901 et le d\u00e9cret du 16 ao\u00fbt 1901, ayant pour titre : Les amateurs de la Turlurette ce petit ruisseau qui se jette dans un affluent de la Loire merci de ne pas confondre&#8230;.<\/p>\n","protected":false},"author":1,"featured_media":0,"parent":0,"menu_order":0,"comment_status":"closed","ping_status":"closed","template":"","meta":{"_kad_post_transparent":"","_kad_post_title":"","_kad_post_layout":"","_kad_post_sidebar_id":"","_kad_post_content_style":"","_kad_post_vertical_padding":"","_kad_post_feature":"","_kad_post_feature_position":"","_kad_post_header":false,"_kad_post_footer":false,"_kad_post_classname":"","footnotes":""},"class_list":["post-10","page","type-page","status-publish","hentry"],"_links":{"self":[{"href":"https:\/\/turlurette.org\/index.php\/wp-json\/wp\/v2\/pages\/10","targetHints":{"allow":["GET"]}}],"collection":[{"href":"https:\/\/turlurette.org\/index.php\/wp-json\/wp\/v2\/pages"}],"about":[{"href":"https:\/\/turlurette.org\/index.php\/wp-json\/wp\/v2\/types\/page"}],"author":[{"embeddable":true,"href":"https:\/\/turlurette.org\/index.php\/wp-json\/wp\/v2\/users\/1"}],"replies":[{"embeddable":true,"href":"https:\/\/turlurette.org\/index.php\/wp-json\/wp\/v2\/comments?post=10"}],"version-history":[{"count":6,"href":"https:\/\/turlurette.org\/index.php\/wp-json\/wp\/v2\/pages\/10\/revisions"}],"predecessor-version":[{"id":95,"href":"https:\/\/turlurette.org\/index.php\/wp-json\/wp\/v2\/pages\/10\/revisions\/95"}],"wp:attachment":[{"href":"https:\/\/turlurette.org\/index.php\/wp-json\/wp\/v2\/media?parent=10"}],"curies":[{"name":"wp","href":"https:\/\/api.w.org\/{rel}","templated":true}]}}