{"id":26,"date":"2024-08-12T15:46:28","date_gmt":"2024-08-12T13:46:28","guid":{"rendered":"https:\/\/turlurette.org\/?page_id=26"},"modified":"2025-04-15T19:32:24","modified_gmt":"2025-04-15T17:32:24","slug":"evenements","status":"publish","type":"page","link":"https:\/\/turlurette.org\/index.php\/evenements\/","title":{"rendered":"\u00c9v\u00e8nements"},"content":{"rendered":"\n<p><strong>Assembl\u00e9e G\u00e9n\u00e9rale 2026<\/strong><br>\u00c0 venir le 1er avril 2026 \u00e0 20h21<\/p>\n\n\n\n<p><strong>Assembl\u00e9e G\u00e9n\u00e9rale 2025<\/strong><br>Le 1er avril 2025<\/p>\n\n\n\n<figure class=\"wp-block-image size-full is-resized\"><img loading=\"lazy\" decoding=\"async\" width=\"1021\" height=\"766\" src=\"https:\/\/turlurette.org\/wp-content\/uploads\/2025\/04\/PV-AG-2025-edited.jpg\" alt=\"\" class=\"wp-image-231\" style=\"width:417px;height:auto\" srcset=\"https:\/\/turlurette.org\/wp-content\/uploads\/2025\/04\/PV-AG-2025-edited.jpg 1021w, https:\/\/turlurette.org\/wp-content\/uploads\/2025\/04\/PV-AG-2025-edited-300x225.jpg 300w, https:\/\/turlurette.org\/wp-content\/uploads\/2025\/04\/PV-AG-2025-edited-768x576.jpg 768w\" sizes=\"auto, (max-width: 1021px) 100vw, 1021px\" \/><\/figure>\n\n\n\n<p><strong>Assembl\u00e9e Constitutive<\/strong><br>Le 19 mai 2024<\/p>\n\n\n\n<div data-wp-interactive=\"core\/file\" class=\"wp-block-file\"><object data-wp-bind--hidden=\"!state.hasPdfPreview\" hidden class=\"wp-block-file__embed\" data=\"https:\/\/turlurette.org\/wp-content\/uploads\/2024\/08\/PV_Assemblee_Constitutive.pdf\" type=\"application\/pdf\" style=\"width:100%;height:600px\" aria-label=\"Contenu embarqu\u00e9 PV_Assemblee_Constitutive.\"><\/object><a id=\"wp-block-file--media-c2f55c0b-b46b-497a-a930-0056249ae75e\" href=\"https:\/\/turlurette.org\/wp-content\/uploads\/2024\/08\/PV_Assemblee_Constitutive.pdf\">PV_Assemblee_Constitutive<\/a><a href=\"https:\/\/turlurette.org\/wp-content\/uploads\/2024\/08\/PV_Assemblee_Constitutive.pdf\" class=\"wp-block-file__button wp-element-button\" download aria-describedby=\"wp-block-file--media-c2f55c0b-b46b-497a-a930-0056249ae75e\">T\u00e9l\u00e9charger<\/a><\/div>\n\n\n\n<p><\/p>\n","protected":false},"excerpt":{"rendered":"<p>Assembl\u00e9e G\u00e9n\u00e9rale 2026\u00c0 venir le 1er avril 2026 \u00e0 20h21 Assembl\u00e9e G\u00e9n\u00e9rale 2025Le 1er avril 2025 Assembl\u00e9e ConstitutiveLe 19 mai 2024<\/p>\n","protected":false},"author":1,"featured_media":0,"parent":0,"menu_order":0,"comment_status":"closed","ping_status":"closed","template":"","meta":{"_kad_post_transparent":"","_kad_post_title":"","_kad_post_layout":"","_kad_post_sidebar_id":"","_kad_post_content_style":"","_kad_post_vertical_padding":"","_kad_post_feature":"","_kad_post_feature_position":"","_kad_post_header":false,"_kad_post_footer":false,"_kad_post_classname":"","footnotes":""},"class_list":["post-26","page","type-page","status-publish","hentry"],"_links":{"self":[{"href":"https:\/\/turlurette.org\/index.php\/wp-json\/wp\/v2\/pages\/26","targetHints":{"allow":["GET"]}}],"collection":[{"href":"https:\/\/turlurette.org\/index.php\/wp-json\/wp\/v2\/pages"}],"about":[{"href":"https:\/\/turlurette.org\/index.php\/wp-json\/wp\/v2\/types\/page"}],"author":[{"embeddable":true,"href":"https:\/\/turlurette.org\/index.php\/wp-json\/wp\/v2\/users\/1"}],"replies":[{"embeddable":true,"href":"https:\/\/turlurette.org\/index.php\/wp-json\/wp\/v2\/comments?post=26"}],"version-history":[{"count":4,"href":"https:\/\/turlurette.org\/index.php\/wp-json\/wp\/v2\/pages\/26\/revisions"}],"predecessor-version":[{"id":232,"href":"https:\/\/turlurette.org\/index.php\/wp-json\/wp\/v2\/pages\/26\/revisions\/232"}],"wp:attachment":[{"href":"https:\/\/turlurette.org\/index.php\/wp-json\/wp\/v2\/media?parent=26"}],"curies":[{"name":"wp","href":"https:\/\/api.w.org\/{rel}","templated":true}]}}