{"id":6,"date":"2024-08-11T20:34:31","date_gmt":"2024-08-11T18:34:31","guid":{"rendered":"https:\/\/turlurette.org\/?page_id=6"},"modified":"2025-05-04T11:24:40","modified_gmt":"2025-05-04T09:24:40","slug":"membrinoscope","status":"publish","type":"page","link":"https:\/\/turlurette.org\/index.php\/membrinoscope\/","title":{"rendered":"Membrinoscope"},"content":{"rendered":"\n<div class=\"wp-block-group is-layout-grid wp-container-core-group-is-layout-9649a0d9 wp-block-group-is-layout-grid\">\n<figure class=\"wp-block-image size-large\"><img loading=\"lazy\" decoding=\"async\" width=\"768\" height=\"1024\" src=\"https:\/\/turlurette.org\/wp-content\/uploads\/2024\/08\/Guillaume-768x1024.jpg\" alt=\"\" class=\"wp-image-70\" srcset=\"https:\/\/turlurette.org\/wp-content\/uploads\/2024\/08\/Guillaume-768x1024.jpg 768w, https:\/\/turlurette.org\/wp-content\/uploads\/2024\/08\/Guillaume-225x300.jpg 225w, https:\/\/turlurette.org\/wp-content\/uploads\/2024\/08\/Guillaume-1152x1536.jpg 1152w, https:\/\/turlurette.org\/wp-content\/uploads\/2024\/08\/Guillaume.jpg 1536w\" sizes=\"auto, (max-width: 768px) 100vw, 768px\" \/><\/figure>\n\n\n\n<p class=\"wp-container-content-72558541\"><strong>Guillaume Ponthieu<\/strong> *<br>Mirifique Promoteur des Humanit\u00e9s Amphigouriques<br><mark style=\"background-color:rgba(0, 0, 0, 0)\" class=\"has-inline-color has-theme-palette-6-color\">Membre depuis le 19\/05\/2024<\/mark><\/p>\n\n\n\n<figure class=\"wp-block-image size-large\"><img loading=\"lazy\" decoding=\"async\" width=\"768\" height=\"1024\" src=\"https:\/\/turlurette.org\/wp-content\/uploads\/2024\/08\/Isabelle-768x1024.jpg\" alt=\"\" class=\"wp-image-71\" srcset=\"https:\/\/turlurette.org\/wp-content\/uploads\/2024\/08\/Isabelle-768x1024.jpg 768w, https:\/\/turlurette.org\/wp-content\/uploads\/2024\/08\/Isabelle-225x300.jpg 225w, https:\/\/turlurette.org\/wp-content\/uploads\/2024\/08\/Isabelle-1152x1536.jpg 1152w, https:\/\/turlurette.org\/wp-content\/uploads\/2024\/08\/Isabelle.jpg 1407w\" sizes=\"auto, (max-width: 768px) 100vw, 768px\" \/><\/figure>\n\n\n\n<p class=\"wp-container-content-72558541\"><strong>Isabelle Hoareau<\/strong> *<br>Grande Protectrice et M\u00e8re Sup\u00e9rieure du Couvent Mixte de Saint-Florent<br><mark style=\"background-color:rgba(0, 0, 0, 0)\" class=\"has-inline-color has-theme-palette-6-color\">Membre depuis le 19\/05\/2024<\/mark><\/p>\n\n\n\n<figure class=\"wp-block-image size-full\"><img loading=\"lazy\" decoding=\"async\" width=\"981\" height=\"865\" src=\"https:\/\/turlurette.org\/wp-content\/uploads\/2025\/04\/Membre.jpg\" alt=\"\" class=\"wp-image-226\" srcset=\"https:\/\/turlurette.org\/wp-content\/uploads\/2025\/04\/Membre.jpg 981w, https:\/\/turlurette.org\/wp-content\/uploads\/2025\/04\/Membre-300x265.jpg 300w, https:\/\/turlurette.org\/wp-content\/uploads\/2025\/04\/Membre-768x677.jpg 768w\" sizes=\"auto, (max-width: 981px) 100vw, 981px\" \/><figcaption class=\"wp-element-caption\">[En attente d&rsquo;une photo du membre]<\/figcaption><\/figure>\n\n\n\n<p class=\"wp-container-content-72558541\"><strong>Quentin Poreba<\/strong><br>Gardien du Protectorat des Verves G\u00eaneuses<br><mark style=\"background-color:rgba(0, 0, 0, 0)\" class=\"has-inline-color has-theme-palette-6-color\">Membre depuis le 19\/05\/2024<\/mark><\/p>\n\n\n\n<figure class=\"wp-block-image size-large\"><img loading=\"lazy\" decoding=\"async\" width=\"682\" height=\"1024\" src=\"https:\/\/turlurette.org\/wp-content\/uploads\/2024\/09\/Sebastien-682x1024.jpg\" alt=\"\" class=\"wp-image-153\" srcset=\"https:\/\/turlurette.org\/wp-content\/uploads\/2024\/09\/Sebastien-682x1024.jpg 682w, https:\/\/turlurette.org\/wp-content\/uploads\/2024\/09\/Sebastien-200x300.jpg 200w, https:\/\/turlurette.org\/wp-content\/uploads\/2024\/09\/Sebastien-768x1153.jpg 768w, https:\/\/turlurette.org\/wp-content\/uploads\/2024\/09\/Sebastien-1023x1536.jpg 1023w, https:\/\/turlurette.org\/wp-content\/uploads\/2024\/09\/Sebastien.jpg 1066w\" sizes=\"auto, (max-width: 682px) 100vw, 682px\" \/><\/figure>\n\n\n\n<p class=\"wp-container-content-72558541\"><strong>S\u00e9bastien M\u00e9n\u00e9trier<\/strong> *<br>S\u00e9millant Metteur en Images<br><mark style=\"background-color:rgba(0, 0, 0, 0)\" class=\"has-inline-color has-theme-palette-6-color\">Membre depuis le 30\/06\/2024<\/mark><\/p>\n\n\n\n<figure class=\"wp-block-image size-full\"><img loading=\"lazy\" decoding=\"async\" width=\"981\" height=\"865\" src=\"https:\/\/turlurette.org\/wp-content\/uploads\/2025\/04\/Membre.jpg\" alt=\"\" class=\"wp-image-226\" srcset=\"https:\/\/turlurette.org\/wp-content\/uploads\/2025\/04\/Membre.jpg 981w, https:\/\/turlurette.org\/wp-content\/uploads\/2025\/04\/Membre-300x265.jpg 300w, https:\/\/turlurette.org\/wp-content\/uploads\/2025\/04\/Membre-768x677.jpg 768w\" sizes=\"auto, (max-width: 981px) 100vw, 981px\" \/><figcaption class=\"wp-element-caption\">[En attente d&rsquo;une photo du membre]<\/figcaption><\/figure>\n\n\n\n<p class=\"wp-container-content-72558541\"><strong>Am\u00e9lie Dubail<\/strong> *<br>\u00c9chanson de la Turlurette<br><mark style=\"background-color:rgba(0, 0, 0, 0)\" class=\"has-inline-color has-theme-palette-6-color\">Membre depuis le 30\/06\/2024<\/mark><\/p>\n\n\n\n<figure class=\"wp-block-image size-full\"><img loading=\"lazy\" decoding=\"async\" width=\"510\" height=\"426\" src=\"https:\/\/turlurette.org\/wp-content\/uploads\/2025\/05\/C2_24_04.png\" alt=\"\" class=\"wp-image-234\" srcset=\"https:\/\/turlurette.org\/wp-content\/uploads\/2025\/05\/C2_24_04.png 510w, https:\/\/turlurette.org\/wp-content\/uploads\/2025\/05\/C2_24_04-300x251.png 300w\" sizes=\"auto, (max-width: 510px) 100vw, 510px\" \/><figcaption class=\"wp-element-caption\">Ceci est une roulade. Faites appel \u00e0 votre imagination. Merci.<\/figcaption><\/figure>\n\n\n\n<p class=\"wp-container-content-72558541\"><strong>Pascal Poussard<\/strong> *<br>Triple Roule Bouleur<br><mark style=\"background-color:rgba(0, 0, 0, 0)\" class=\"has-inline-color has-theme-palette-6-color\">Membre depuis le 11\/04\/2025<\/mark><\/p>\n<\/div>\n\n\n\n<p>* A vu la Turlurette<\/p>\n\n\n\n<p><\/p>\n\n\n\n<p><\/p>\n","protected":false},"excerpt":{"rendered":"<p>Guillaume Ponthieu *Mirifique Promoteur des Humanit\u00e9s AmphigouriquesMembre depuis le 19\/05\/2024 Isabelle Hoareau *Grande Protectrice et M\u00e8re Sup\u00e9rieure du Couvent Mixte de Saint-FlorentMembre depuis le 19\/05\/2024 Quentin PorebaGardien du Protectorat des Verves G\u00eaneusesMembre depuis le 19\/05\/2024 S\u00e9bastien M\u00e9n\u00e9trier *S\u00e9millant Metteur en ImagesMembre depuis le 30\/06\/2024 Am\u00e9lie Dubail *\u00c9chanson de la TurluretteMembre depuis le 30\/06\/2024 Pascal Poussard&#8230;<\/p>\n","protected":false},"author":1,"featured_media":0,"parent":0,"menu_order":0,"comment_status":"closed","ping_status":"closed","template":"","meta":{"_kad_post_transparent":"","_kad_post_title":"","_kad_post_layout":"","_kad_post_sidebar_id":"","_kad_post_content_style":"","_kad_post_vertical_padding":"","_kad_post_feature":"","_kad_post_feature_position":"","_kad_post_header":false,"_kad_post_footer":false,"_kad_post_classname":"","footnotes":""},"class_list":["post-6","page","type-page","status-publish","hentry"],"_links":{"self":[{"href":"https:\/\/turlurette.org\/index.php\/wp-json\/wp\/v2\/pages\/6","targetHints":{"allow":["GET"]}}],"collection":[{"href":"https:\/\/turlurette.org\/index.php\/wp-json\/wp\/v2\/pages"}],"about":[{"href":"https:\/\/turlurette.org\/index.php\/wp-json\/wp\/v2\/types\/page"}],"author":[{"embeddable":true,"href":"https:\/\/turlurette.org\/index.php\/wp-json\/wp\/v2\/users\/1"}],"replies":[{"embeddable":true,"href":"https:\/\/turlurette.org\/index.php\/wp-json\/wp\/v2\/comments?post=6"}],"version-history":[{"count":13,"href":"https:\/\/turlurette.org\/index.php\/wp-json\/wp\/v2\/pages\/6\/revisions"}],"predecessor-version":[{"id":236,"href":"https:\/\/turlurette.org\/index.php\/wp-json\/wp\/v2\/pages\/6\/revisions\/236"}],"wp:attachment":[{"href":"https:\/\/turlurette.org\/index.php\/wp-json\/wp\/v2\/media?parent=6"}],"curies":[{"name":"wp","href":"https:\/\/api.w.org\/{rel}","templated":true}]}}