{"id":81,"date":"2024-08-13T17:35:52","date_gmt":"2024-08-13T15:35:52","guid":{"rendered":"https:\/\/turlurette.org\/?page_id=81"},"modified":"2024-08-13T19:35:23","modified_gmt":"2024-08-13T17:35:23","slug":"turluquoi","status":"publish","type":"page","link":"https:\/\/turlurette.org\/index.php\/turluquoi\/","title":{"rendered":"Turluquoi ?"},"content":{"rendered":"\n<p>Association loi 1901 cr\u00e9\u00e9e gr\u00e2ce \u00e0 un business plan en b\u00e9ton, <em>Les amateurs de la Turlurette ce petit ruisseau qui se jette dans un affluent de la Loire merci de ne pas confondre<\/em> a pour objectifs, dans le d\u00e9sordre et sans exclusive, de promouvoir :<br>&#8211; Le bricolage cin\u00e9matographique ;<br>&#8211; la reproduction historique approximative ;<br>&#8211; toute activit\u00e9 culturelle, artisanale, ludique ou simplement amusante qu&rsquo;un ou plusieurs membres souhaitent exercer.<\/p>\n\n\n\n<p>Les activit\u00e9s se pratiquent principalement dans le village de <a href=\"https:\/\/ville-saint-florent-le-jeune.fr\/\" data-type=\"link\" data-id=\"https:\/\/ville-saint-florent-le-jeune.fr\/\">Saint-Florent-le-Jeune<\/a> mais peuvent s&rsquo;\u00e9tendre dans des lieux annexes et notoirement de moindre importance comme Orl\u00e9ans ou Paris.<\/p>\n\n\n\n<div class=\"wp-block-group is-layout-grid wp-container-core-group-is-layout-9649a0d9 wp-block-group-is-layout-grid\">\n<figure class=\"wp-block-image size-full wp-container-content-e29552f7\"><img loading=\"lazy\" decoding=\"async\" width=\"500\" height=\"750\" src=\"https:\/\/turlurette.org\/wp-content\/uploads\/2024\/08\/Plan.jpg\" alt=\"\" class=\"wp-image-87\" srcset=\"https:\/\/turlurette.org\/wp-content\/uploads\/2024\/08\/Plan.jpg 500w, https:\/\/turlurette.org\/wp-content\/uploads\/2024\/08\/Plan-200x300.jpg 200w\" sizes=\"auto, (max-width: 500px) 100vw, 500px\" \/><\/figure>\n\n\n\n<p class=\"wp-container-content-5f80b302\">Le village est travers\u00e9 par el famoso cours d&rsquo;eau dit la Turlurette, dont la sonorit\u00e9 \u00e0 la fois sympathique et annonciatrice de blagues de daron bourr\u00e9 au kir ne pouvait rester sans hommage.<br><br>Et \u00e0 ce propos, un peu d&rsquo;histoire approximative (soyons coh\u00e9rents) :<br><br>Turlurette aurait d&rsquo;abord d\u00e9sign\u00e9 un instrument \u00e0 cordes ressemblant \u00e0 une guitare (XIVe) pour devenir vaguement g\u00e9n\u00e9rique en servant \u00e0 qualifier n&rsquo;importe quel instrument ais\u00e9ment transportable, pour se restreindre \u00e0 la d\u00e9signation plus sp\u00e9cifique d&rsquo;instruments \u00e0 vents (XIXe).<br><br>Turlurette serait aussi une interjection utilis\u00e9e dans le refrain de certaines chansons traditionnelles, comme onomatop\u00e9e et\/ou pour \u00e9voquer gait\u00e9 et l\u00e9g\u00e8ret\u00e9. A mon avis les mecs s&rsquo;en servaient surtout pour combler quand ils \u00e9taient en panne de rime.<br><br>NDLR : Turlure serait encore aujourd&rsquo;hui utilis\u00e9 en patois normand pour indiquer un flageolet&#8230; ou tout autre instrument de musique utilis\u00e9 par les saltimbanques itin\u00e9rants. N&rsquo;\u00e9tant pas breton, je n&rsquo;ai rien \u00e0 ajouter.<br><br>Bref, c&rsquo;est pas carr\u00e9 carr\u00e9.<br>Et il est possible que \u00e7a n&rsquo;ait aucun rapport avec le nom du cours d&rsquo;eau.<br>Merci pour votre attention.<\/p>\n<\/div>\n\n\n\n<p><\/p>\n\n\n\n<p><\/p>\n\n\n\n<p><\/p>\n","protected":false},"excerpt":{"rendered":"<p>Association loi 1901 cr\u00e9\u00e9e gr\u00e2ce \u00e0 un business plan en b\u00e9ton, Les amateurs de la Turlurette ce petit ruisseau qui se jette dans un affluent de la Loire merci de ne pas confondre a pour objectifs, dans le d\u00e9sordre et sans exclusive, de promouvoir :&#8211; Le bricolage cin\u00e9matographique ;&#8211; la reproduction historique approximative ;&#8211; toute&#8230;<\/p>\n","protected":false},"author":1,"featured_media":0,"parent":0,"menu_order":0,"comment_status":"closed","ping_status":"closed","template":"","meta":{"_kad_post_transparent":"","_kad_post_title":"","_kad_post_layout":"","_kad_post_sidebar_id":"","_kad_post_content_style":"","_kad_post_vertical_padding":"","_kad_post_feature":"","_kad_post_feature_position":"","_kad_post_header":false,"_kad_post_footer":false,"_kad_post_classname":"","footnotes":""},"class_list":["post-81","page","type-page","status-publish","hentry"],"_links":{"self":[{"href":"https:\/\/turlurette.org\/index.php\/wp-json\/wp\/v2\/pages\/81","targetHints":{"allow":["GET"]}}],"collection":[{"href":"https:\/\/turlurette.org\/index.php\/wp-json\/wp\/v2\/pages"}],"about":[{"href":"https:\/\/turlurette.org\/index.php\/wp-json\/wp\/v2\/types\/page"}],"author":[{"embeddable":true,"href":"https:\/\/turlurette.org\/index.php\/wp-json\/wp\/v2\/users\/1"}],"replies":[{"embeddable":true,"href":"https:\/\/turlurette.org\/index.php\/wp-json\/wp\/v2\/comments?post=81"}],"version-history":[{"count":8,"href":"https:\/\/turlurette.org\/index.php\/wp-json\/wp\/v2\/pages\/81\/revisions"}],"predecessor-version":[{"id":100,"href":"https:\/\/turlurette.org\/index.php\/wp-json\/wp\/v2\/pages\/81\/revisions\/100"}],"wp:attachment":[{"href":"https:\/\/turlurette.org\/index.php\/wp-json\/wp\/v2\/media?parent=81"}],"curies":[{"name":"wp","href":"https:\/\/api.w.org\/{rel}","templated":true}]}}